{"id":1025,"date":"2025-02-18T18:08:06","date_gmt":"2025-02-18T23:08:06","guid":{"rendered":"https:\/\/classcpr.com\/?page_id=1025"},"modified":"2026-04-02T12:43:32","modified_gmt":"2026-04-02T16:43:32","slug":"citas","status":"publish","type":"page","link":"https:\/\/classcpr.com\/en\/citas\/","title":{"rendered":"Clases"},"content":{"rendered":"<div class=\"initial-letter\">\n<p><\/p>\n\n\n\n<div class=\"wp-block-stackable-columns stk-block-columns stk-block stk-1730853\" data-block-id=\"1730853\"><div class=\"stk-row stk-inner-blocks stk-block-content stk-content-align stk-1730853-column\">\n<div class=\"wp-block-stackable-column stk-block-column stk-column stk-block stk-cf60c13\" data-v=\"4\" data-block-id=\"cf60c13\"><div class=\"stk-column-wrapper stk-block-column__content stk-container stk-cf60c13-container stk--no-background stk--no-padding\"><div class=\"stk-block-content stk-inner-blocks stk-cf60c13-inner-blocks\">\n<div class=\"wp-block-stackable-heading stk-block-heading stk-block-heading--v2 stk-block stk-330ae63\" id=\"clases-de-certificacion\" data-block-id=\"330ae63\"><h3 class=\"stk-block-heading__text has-text-align-center\">Certification Classes<\/h3><\/div>\n\n\n\n<details class=\"wp-block-stackable-accordion stk-block-accordion stk-inner-blocks stk-block-content stk-block stk-0e4b1fb stk-block-background is-style-plain\" data-block-id=\"0e4b1fb\"><style>.stk-0e4b1fb {background-color:#fbf6ff !important;border-top-left-radius:8px !important;border-top-right-radius:8px !important;border-bottom-right-radius:8px !important;border-bottom-left-radius:8px !important;overflow:hidden !important;border-style:solid !important;border-color:var(--stk-global-color-70676, #bc4eff) !important;border-top-width:1px !important;border-right-width:1px !important;border-bottom-width:1px !important;border-left-width:1px !important;padding-top:12px !important;padding-right:8px !important;padding-bottom:12px !important;padding-left:8px !important;}.stk-0e4b1fb:before{background-color:#fbf6ff !important;}<\/style>\n<summary class=\"wp-block-stackable-column stk-block-column stk-column stk-block stk-a151766 stk--container-small stk-block-accordion__heading\" data-v=\"4\" data-block-id=\"a151766\"><div class=\"stk-column-wrapper stk-block-column__content stk-container stk-a151766-container stk--no-background stk--no-padding\"><div class=\"stk-block-content stk-inner-blocks stk-a151766-inner-blocks\">\n<div class=\"wp-block-stackable-icon-label stk-block-icon-label stk-block stk-bc22efa\" data-block-id=\"bc22efa\"><div class=\"stk-row stk-inner-blocks stk-block-content\">\n<div class=\"wp-block-stackable-heading stk-block-heading stk-block-heading--v2 stk-block stk-990acd9\" id=\"aha-first-aid-cpr-aed-adult-and-pediatric\" data-block-id=\"990acd9\"><style>.stk-990acd9 .stk-block-heading__text{color:var(--stk-global-color-60579, #1c1c1c) !important;}@media screen and (max-width:689px){.stk-990acd9 .stk-block-heading__text{line-height:1.4em !important;}}<\/style><h5 class=\"stk-block-heading__text has-text-color has-stk-global-color-60579-color\">AHA First Aid, CPR, AED Adult and Pediatric<\/h5><\/div>\n\n\n\n<div class=\"wp-block-stackable-icon stk-block-icon stk-block stk-ab9d71e\" data-block-id=\"ab9d71e\"><style>.stk-ab9d71e .stk--svg-wrapper .stk--inner-svg svg:last-child, .stk-ab9d71e .stk--svg-wrapper .stk--inner-svg svg:last-child :is(g, path, rect, polygon, ellipse){fill:var(--stk-global-color-60579, #1c1c1c) !important;}<\/style><span class=\"stk--svg-wrapper\"><div class=\"stk--inner-svg\"><svg style=\"height:0;width:0\"><defs><lineargradient id=\"linear-gradient-ab9d71e\" x1=\"0\" x2=\"100%\" y1=\"0\" y2=\"0\"><stop offset=\"0%\" style=\"stop-opacity:1;stop-color:var(--linear-gradient-ab-9-d-71-e-color-1)\"><\/stop><stop offset=\"100%\" style=\"stop-opacity:1;stop-color:var(--linear-gradient-ab-9-d-71-e-color-2)\"><\/stop><\/lineargradient><\/defs><\/svg><svg data-prefix=\"fas\" data-icon=\"chevron-down\" class=\"svg-inline--fa fa-chevron-down fa-w-14\" xmlns=\"http:\/\/www.w3.org\/2000\/svg\" viewbox=\"0 0 448 512\" aria-hidden=\"true\" width=\"32\" height=\"32\"><path fill=\"currentColor\" d=\"M207.029 381.476L12.686 187.132c-9.373-9.373-9.373-24.569 0-33.941l22.667-22.667c9.357-9.357 24.522-9.375 33.901-.04L224 284.505l154.745-154.021c9.379-9.335 24.544-9.317 33.901.04l22.667 22.667c9.373 9.373 9.373 24.569 0 33.941L240.971 381.476c-9.373 9.372-24.569 9.372-33.942 0z\"><\/path><\/svg><\/div><\/span><\/div>\n<\/div><\/div>\n<\/div><\/div><\/summary>\n\n\n\n<div class=\"wp-block-stackable-column stk-block-column stk-column stk-block stk-a6e0d0f stk-block-accordion__content\" data-v=\"4\" data-block-id=\"a6e0d0f\"><style>.stk-a6e0d0f-container{padding-top:0px !important;padding-right:0px !important;padding-bottom:0px !important;padding-left:0px !important;}<\/style><div class=\"stk-column-wrapper stk-block-column__content stk-container stk-a6e0d0f-container stk--no-background stk--no-padding\"><div class=\"stk-block-content stk-inner-blocks stk-a6e0d0f-inner-blocks\">\n<div class=\"wp-block-stackable-text stk-block-text stk-block stk-59d7897\" data-block-id=\"59d7897\"><p class=\"stk-block-text__text\">Heartsaver First Aid CPR AED capacita a personas con poco o nada de entrenamiento m\u00e9dico para que puedan dar RCP y primeros auxilios y puedan usar un desfibrilador externo autom\u00e1tico (DEA) de manera segura, oportuna y eficaz.<\/p><\/div>\n<\/div><\/div><\/div>\n<\/details>\n\n\n\n<details class=\"wp-block-stackable-accordion stk-block-accordion stk-inner-blocks stk-block-content stk-block stk-c14694a stk-block-background is-style-plain\" data-block-id=\"c14694a\"><style>.stk-c14694a {background-color:#fbf6ff !important;border-radius:8px !important;overflow:hidden !important;border-style:solid !important;border-color:var(--stk-global-color-70676, #bc4eff) !important;border-top-width:1px !important;border-right-width:1px !important;border-bottom-width:1px !important;border-left-width:1px !important;padding-top:12px !important;padding-right:8px !important;padding-bottom:12px !important;padding-left:8px !important;}.stk-c14694a:before{background-color:#fbf6ff !important;}<\/style>\n<summary class=\"wp-block-stackable-column stk-block-column stk-column stk-block stk-6c7ddd1 stk--container-small stk-block-accordion__heading\" data-v=\"4\" data-block-id=\"6c7ddd1\"><div class=\"stk-column-wrapper stk-block-column__content stk-container stk-6c7ddd1-container stk--no-background stk--no-padding\"><div class=\"stk-block-content stk-inner-blocks stk-6c7ddd1-inner-blocks\">\n<div class=\"wp-block-stackable-icon-label stk-block-icon-label stk-block stk-1a9a58a\" data-block-id=\"1a9a58a\"><div class=\"stk-row stk-inner-blocks stk-block-content\">\n<div class=\"wp-block-stackable-heading stk-block-heading stk-block-heading--v2 stk-block stk-9619d96\" id=\"aha-bls-provider\" data-block-id=\"9619d96\"><style>.stk-9619d96 .stk-block-heading__text{color:var(--stk-global-color-60579, #1c1c1c) !important;}@media screen and (max-width:689px){.stk-9619d96 .stk-block-heading__text{line-height:1.4em !important;}}<\/style><h5 class=\"stk-block-heading__text has-text-color has-stk-global-color-60579-color\">AHA BLS Provider<\/h5><\/div>\n\n\n\n<div class=\"wp-block-stackable-icon stk-block-icon stk-block stk-85f7ce6\" data-block-id=\"85f7ce6\"><style>.stk-85f7ce6 .stk--svg-wrapper .stk--inner-svg svg:last-child, .stk-85f7ce6 .stk--svg-wrapper .stk--inner-svg svg:last-child :is(g, path, rect, polygon, ellipse){fill:var(--stk-global-color-60579, #1c1c1c) !important;}<\/style><span class=\"stk--svg-wrapper\"><div class=\"stk--inner-svg\"><svg style=\"height:0;width:0\"><defs><lineargradient id=\"linear-gradient-85f7ce6\" x1=\"0\" x2=\"100%\" y1=\"0\" y2=\"0\"><stop offset=\"0%\" style=\"stop-opacity:1;stop-color:var(--linear-gradient-85-f-7-ce-6-color-1)\"><\/stop><stop offset=\"100%\" style=\"stop-opacity:1;stop-color:var(--linear-gradient-85-f-7-ce-6-color-2)\"><\/stop><\/lineargradient><\/defs><\/svg><svg data-prefix=\"fas\" data-icon=\"chevron-down\" class=\"svg-inline--fa fa-chevron-down fa-w-14\" xmlns=\"http:\/\/www.w3.org\/2000\/svg\" viewbox=\"0 0 448 512\" aria-hidden=\"true\" width=\"32\" height=\"32\"><path fill=\"currentColor\" d=\"M207.029 381.476L12.686 187.132c-9.373-9.373-9.373-24.569 0-33.941l22.667-22.667c9.357-9.357 24.522-9.375 33.901-.04L224 284.505l154.745-154.021c9.379-9.335 24.544-9.317 33.901.04l22.667 22.667c9.373 9.373 9.373 24.569 0 33.941L240.971 381.476c-9.373 9.372-24.569 9.372-33.942 0z\"><\/path><\/svg><\/div><\/span><\/div>\n<\/div><\/div>\n<\/div><\/div><\/summary>\n\n\n\n<div class=\"wp-block-stackable-column stk-block-column stk-column stk-block stk-d5bbcd6 stk-block-accordion__content\" data-v=\"4\" data-block-id=\"d5bbcd6\"><style>.stk-d5bbcd6-container{padding-top:0px !important;padding-right:0px !important;padding-bottom:0px !important;padding-left:0px !important;}<\/style><div class=\"stk-column-wrapper stk-block-column__content stk-container stk-d5bbcd6-container stk--no-background stk--no-padding\"><div class=\"stk-block-content stk-inner-blocks stk-d5bbcd6-inner-blocks\">\n<div class=\"wp-block-stackable-text stk-block-text stk-block stk-a5d11ca\" data-block-id=\"a5d11ca\"><p class=\"stk-block-text__text\">El curso BLS de la AHA est\u00e1 dise\u00f1ado para profesionales de la salud y otro personal que necesita saber c\u00f3mo realizar RCP y otras habilidades b\u00e1sicas de soporte vital cardiovascular en una amplia variedad de entornos prehospitalarios y dentro de las instalaciones.<\/p><\/div>\n<\/div><\/div><\/div>\n<\/details>\n\n\n\n<details class=\"wp-block-stackable-accordion stk-block-accordion stk-inner-blocks stk-block-content stk-block stk-8ded0d6 stk-block-background is-style-plain\" data-block-id=\"8ded0d6\"><style>.stk-8ded0d6 {background-color:#fbf6ff !important;border-top-left-radius:8px !important;border-top-right-radius:8px !important;border-bottom-right-radius:8px !important;border-bottom-left-radius:8px !important;overflow:hidden !important;border-style:solid !important;border-color:var(--stk-global-color-70676, #bc4eff) !important;border-top-width:1px !important;border-right-width:1px !important;border-bottom-width:1px !important;border-left-width:1px !important;padding-top:12px !important;padding-right:8px !important;padding-bottom:12px !important;padding-left:8px !important;}.stk-8ded0d6:before{background-color:#fbf6ff !important;}<\/style>\n<summary class=\"wp-block-stackable-column stk-block-column stk-column stk-block stk-c21d335 stk--container-small stk-block-accordion__heading\" data-v=\"4\" data-block-id=\"c21d335\"><div class=\"stk-column-wrapper stk-block-column__content stk-container stk-c21d335-container stk--no-background stk--no-padding\"><div class=\"stk-block-content stk-inner-blocks stk-c21d335-inner-blocks\">\n<div class=\"wp-block-stackable-icon-label stk-block-icon-label stk-block stk-0f625cb\" data-block-id=\"0f625cb\"><div class=\"stk-row stk-inner-blocks stk-block-content\">\n<div class=\"wp-block-stackable-heading stk-block-heading stk-block-heading--v2 stk-block stk-55d8d01\" id=\"arc-first-aid-cpr-aed-adult-and-pediatric\" data-block-id=\"55d8d01\"><style>.stk-55d8d01 .stk-block-heading__text{color:var(--stk-global-color-60579, #1c1c1c) !important;}@media screen and (max-width:689px){.stk-55d8d01 .stk-block-heading__text{line-height:1.4em !important;}}<\/style><h5 class=\"stk-block-heading__text has-text-color has-stk-global-color-60579-color\">ARC First Aid, CPR, AED Adult and Pediatric<\/h5><\/div>\n\n\n\n<div class=\"wp-block-stackable-icon stk-block-icon stk-block stk-7b6860a\" data-block-id=\"7b6860a\"><style>.stk-7b6860a .stk--svg-wrapper .stk--inner-svg svg:last-child, .stk-7b6860a .stk--svg-wrapper .stk--inner-svg svg:last-child :is(g, path, rect, polygon, ellipse){fill:var(--stk-global-color-60579, #1c1c1c) !important;}<\/style><span class=\"stk--svg-wrapper\"><div class=\"stk--inner-svg\"><svg style=\"height:0;width:0\"><defs><lineargradient id=\"linear-gradient-7b6860a\" x1=\"0\" x2=\"100%\" y1=\"0\" y2=\"0\"><stop offset=\"0%\" style=\"stop-opacity:1;stop-color:var(--linear-gradient-7-b-6860-a-color-1)\"><\/stop><stop offset=\"100%\" style=\"stop-opacity:1;stop-color:var(--linear-gradient-7-b-6860-a-color-2)\"><\/stop><\/lineargradient><\/defs><\/svg><svg data-prefix=\"fas\" data-icon=\"chevron-down\" class=\"svg-inline--fa fa-chevron-down fa-w-14\" xmlns=\"http:\/\/www.w3.org\/2000\/svg\" viewbox=\"0 0 448 512\" aria-hidden=\"true\" width=\"32\" height=\"32\"><path fill=\"currentColor\" d=\"M207.029 381.476L12.686 187.132c-9.373-9.373-9.373-24.569 0-33.941l22.667-22.667c9.357-9.357 24.522-9.375 33.901-.04L224 284.505l154.745-154.021c9.379-9.335 24.544-9.317 33.901.04l22.667 22.667c9.373 9.373 9.373 24.569 0 33.941L240.971 381.476c-9.373 9.372-24.569 9.372-33.942 0z\"><\/path><\/svg><\/div><\/span><\/div>\n<\/div><\/div>\n<\/div><\/div><\/summary>\n\n\n\n<div class=\"wp-block-stackable-column stk-block-column stk-column stk-block stk-a382343 stk-block-accordion__content\" data-v=\"4\" data-block-id=\"a382343\"><style>.stk-a382343-container{padding-top:0px !important;padding-right:0px !important;padding-bottom:0px !important;padding-left:0px !important;}<\/style><div class=\"stk-column-wrapper stk-block-column__content stk-container stk-a382343-container stk--no-background stk--no-padding\"><div class=\"stk-block-content stk-inner-blocks stk-a382343-inner-blocks\">\n<div class=\"wp-block-stackable-text stk-block-text stk-block stk-4842810\" data-block-id=\"4842810\"><p class=\"stk-block-text__text\">El curso de Primeros Auxilios\/RCP\/DEA para Adultos y Ni\u00f1os incorpora los \u00faltimos avances cient\u00edficos y ense\u00f1a a los estudiantes a reconocer y atender una variedad de emergencias de primeros auxilios, como quemaduras, cortes, raspones, enfermedades repentinas, lesiones en la cabeza, el cuello y la espalda, emergencias por calor y fr\u00edo, y c\u00f3mo responder a emergencias respiratorias y card\u00edacas para ayudar a v\u00edctimas de cualquier edad: adultos (aproximadamente de 12 a\u00f1os en adelante) y ni\u00f1os (beb\u00e9s y ni\u00f1os de hasta 12 a\u00f1os de edad).<\/p><\/div>\n<\/div><\/div><\/div>\n<\/details>\n\n\n\n<details class=\"wp-block-stackable-accordion stk-block-accordion stk-inner-blocks stk-block-content stk-block stk-803cc8a stk-block-background is-style-plain\" data-block-id=\"803cc8a\"><style>.stk-803cc8a {background-color:#fbf6ff !important;border-top-left-radius:8px !important;border-top-right-radius:8px !important;border-bottom-right-radius:8px !important;border-bottom-left-radius:8px !important;overflow:hidden !important;border-style:solid !important;border-color:var(--stk-global-color-70676, #bc4eff) !important;border-top-width:1px !important;border-right-width:1px !important;border-bottom-width:1px !important;border-left-width:1px !important;padding-top:12px !important;padding-right:8px !important;padding-bottom:12px !important;padding-left:8px !important;}.stk-803cc8a:before{background-color:#fbf6ff !important;}<\/style>\n<summary class=\"wp-block-stackable-column stk-block-column stk-column stk-block stk-b6cbb68 stk--container-small stk-block-accordion__heading\" data-v=\"4\" data-block-id=\"b6cbb68\"><div class=\"stk-column-wrapper stk-block-column__content stk-container stk-b6cbb68-container stk--no-background stk--no-padding\"><div class=\"stk-block-content stk-inner-blocks stk-b6cbb68-inner-blocks\">\n<div class=\"wp-block-stackable-icon-label stk-block-icon-label stk-block stk-a283df7\" data-block-id=\"a283df7\"><div class=\"stk-row stk-inner-blocks stk-block-content\">\n<div class=\"wp-block-stackable-heading stk-block-heading stk-block-heading--v2 stk-block stk-2e7b5f1\" id=\"babysitter-certification\" data-block-id=\"2e7b5f1\"><style>.stk-2e7b5f1 .stk-block-heading__text{color:var(--stk-global-color-60579, #1c1c1c) !important;}@media screen and (max-width:689px){.stk-2e7b5f1 .stk-block-heading__text{line-height:1.4em !important;}}<\/style><h5 class=\"stk-block-heading__text has-text-color has-stk-global-color-60579-color\">Babysitter Certification<\/h5><\/div>\n\n\n\n<div class=\"wp-block-stackable-icon stk-block-icon stk-block stk-673733c\" data-block-id=\"673733c\"><style>.stk-673733c .stk--svg-wrapper .stk--inner-svg svg:last-child, .stk-673733c .stk--svg-wrapper .stk--inner-svg svg:last-child :is(g, path, rect, polygon, ellipse){fill:var(--stk-global-color-60579, #1c1c1c) !important;}<\/style><span class=\"stk--svg-wrapper\"><div class=\"stk--inner-svg\"><svg style=\"height:0;width:0\"><defs><lineargradient id=\"linear-gradient-673733c\" x1=\"0\" x2=\"100%\" y1=\"0\" y2=\"0\"><stop offset=\"0%\" style=\"stop-opacity:1;stop-color:var(--linear-gradient-673733-c-color-1)\"><\/stop><stop offset=\"100%\" style=\"stop-opacity:1;stop-color:var(--linear-gradient-673733-c-color-2)\"><\/stop><\/lineargradient><\/defs><\/svg><svg data-prefix=\"fas\" data-icon=\"chevron-down\" class=\"svg-inline--fa fa-chevron-down fa-w-14\" xmlns=\"http:\/\/www.w3.org\/2000\/svg\" viewbox=\"0 0 448 512\" aria-hidden=\"true\" width=\"32\" height=\"32\"><path fill=\"currentColor\" d=\"M207.029 381.476L12.686 187.132c-9.373-9.373-9.373-24.569 0-33.941l22.667-22.667c9.357-9.357 24.522-9.375 33.901-.04L224 284.505l154.745-154.021c9.379-9.335 24.544-9.317 33.901.04l22.667 22.667c9.373 9.373 9.373 24.569 0 33.941L240.971 381.476c-9.373 9.372-24.569 9.372-33.942 0z\"><\/path><\/svg><\/div><\/span><\/div>\n<\/div><\/div>\n<\/div><\/div><\/summary>\n\n\n\n<div class=\"wp-block-stackable-column stk-block-column stk-column stk-block stk-9d5b114 stk-block-accordion__content\" data-v=\"4\" data-block-id=\"9d5b114\"><style>.stk-9d5b114-container{padding-top:0px !important;padding-right:0px !important;padding-bottom:0px !important;padding-left:0px !important;}<\/style><div class=\"stk-column-wrapper stk-block-column__content stk-container stk-9d5b114-container stk--no-background stk--no-padding\"><div class=\"stk-block-content stk-inner-blocks stk-9d5b114-inner-blocks\">\n<div class=\"wp-block-stackable-text stk-block-text stk-block stk-1abb695\" data-block-id=\"1abb695\"><p class=\"stk-block-text__text\">Ofrecemos una formaci\u00f3n completa para j\u00f3venes que buscan ser los ni\u00f1eros mejor preparados posibles. Preparar\u00e1 a los j\u00f3venes para ser ni\u00f1eras seguras, eficaces y responsables. La capacitaci\u00f3n est\u00e1 dise\u00f1ada para brindar habilidades universales en \u00e1reas que todo ni\u00f1ero debe conocer, incluidos los cuidados b\u00e1sicos para beb\u00e9s y ni\u00f1os, primeros auxilios b\u00e1sicos, comportamiento infantil y actividades apropiadas, protocolos de emergencia y m\u00e1s.<\/p><\/div>\n<\/div><\/div><\/div>\n<\/details>\n<\/div><\/div><\/div>\n<\/div><\/div>\n<\/div>","protected":false},"excerpt":{"rendered":"<p>Clases de Certificaci\u00f3n AHA First Aid, CPR, AED Adult and Pediatric Heartsaver First Aid CPR AED capacita a personas con poco o nada de entrenamiento m\u00e9dico para que puedan dar RCP y primeros auxilios y puedan usar un desfibrilador externo autom\u00e1tico (DEA) de manera segura, oportuna y eficaz. AHA BLS Provider El curso BLS de [&hellip;]<\/p>\n","protected":false},"author":1,"featured_media":0,"parent":0,"menu_order":0,"comment_status":"closed","ping_status":"closed","template":"","meta":{"footnotes":""},"class_list":["post-1025","page","type-page","status-publish","hentry"],"blocksy_meta":[],"yoast_head":"<!-- This site is optimized with the Yoast SEO plugin v27.3 - https:\/\/yoast.com\/product\/yoast-seo-wordpress\/ -->\n<title>Clases - CLASS CPR<\/title>\n<meta name=\"robots\" content=\"index, follow, max-snippet:-1, max-image-preview:large, max-video-preview:-1\" \/>\n<link rel=\"canonical\" href=\"https:\/\/classcpr.com\/en\/citas\/\" \/>\n<meta property=\"og:locale\" content=\"en_US\" \/>\n<meta property=\"og:type\" content=\"article\" \/>\n<meta property=\"og:title\" content=\"Clases - CLASS CPR\" \/>\n<meta property=\"og:description\" content=\"Clases de Certificaci\u00f3n AHA First Aid, CPR, AED Adult and Pediatric Heartsaver First Aid CPR AED capacita a personas con poco o nada de entrenamiento m\u00e9dico para que puedan dar RCP y primeros auxilios y puedan usar un desfibrilador externo autom\u00e1tico (DEA) de manera segura, oportuna y eficaz. AHA BLS Provider El curso BLS de [&hellip;]\" \/>\n<meta property=\"og:url\" content=\"https:\/\/classcpr.com\/en\/citas\/\" \/>\n<meta property=\"og:site_name\" content=\"CLASS CPR\" \/>\n<meta property=\"article:modified_time\" content=\"2026-04-02T16:43:32+00:00\" \/>\n<meta name=\"twitter:card\" content=\"summary_large_image\" \/>\n<meta name=\"twitter:label1\" content=\"Est. reading time\" \/>\n\t<meta name=\"twitter:data1\" content=\"2 minutes\" \/>\n<script type=\"application\/ld+json\" class=\"yoast-schema-graph\">{\"@context\":\"https:\\\/\\\/schema.org\",\"@graph\":[{\"@type\":\"WebPage\",\"@id\":\"https:\\\/\\\/classcpr.com\\\/citas\\\/\",\"url\":\"https:\\\/\\\/classcpr.com\\\/citas\\\/\",\"name\":\"Clases - CLASS CPR\",\"isPartOf\":{\"@id\":\"https:\\\/\\\/classcpr.com\\\/#website\"},\"datePublished\":\"2025-02-18T23:08:06+00:00\",\"dateModified\":\"2026-04-02T16:43:32+00:00\",\"breadcrumb\":{\"@id\":\"https:\\\/\\\/classcpr.com\\\/citas\\\/#breadcrumb\"},\"inLanguage\":\"en-US\",\"potentialAction\":[{\"@type\":\"ReadAction\",\"target\":[\"https:\\\/\\\/classcpr.com\\\/citas\\\/\"]}]},{\"@type\":\"BreadcrumbList\",\"@id\":\"https:\\\/\\\/classcpr.com\\\/citas\\\/#breadcrumb\",\"itemListElement\":[{\"@type\":\"ListItem\",\"position\":1,\"name\":\"Portada\",\"item\":\"https:\\\/\\\/classcpr.com\\\/\"},{\"@type\":\"ListItem\",\"position\":2,\"name\":\"Clases\"}]},{\"@type\":\"WebSite\",\"@id\":\"https:\\\/\\\/classcpr.com\\\/#website\",\"url\":\"https:\\\/\\\/classcpr.com\\\/\",\"name\":\"CLASS CPR\",\"description\":\"\",\"publisher\":{\"@id\":\"https:\\\/\\\/classcpr.com\\\/#organization\"},\"potentialAction\":[{\"@type\":\"SearchAction\",\"target\":{\"@type\":\"EntryPoint\",\"urlTemplate\":\"https:\\\/\\\/classcpr.com\\\/?s={search_term_string}\"},\"query-input\":{\"@type\":\"PropertyValueSpecification\",\"valueRequired\":true,\"valueName\":\"search_term_string\"}}],\"inLanguage\":\"en-US\"},{\"@type\":\"Organization\",\"@id\":\"https:\\\/\\\/classcpr.com\\\/#organization\",\"name\":\"CLASS CPR\",\"url\":\"https:\\\/\\\/classcpr.com\\\/\",\"logo\":{\"@type\":\"ImageObject\",\"inLanguage\":\"en-US\",\"@id\":\"https:\\\/\\\/classcpr.com\\\/#\\\/schema\\\/logo\\\/image\\\/\",\"url\":\"https:\\\/\\\/classcpr.com\\\/wp-content\\\/uploads\\\/2025\\\/03\\\/Logo-WebSite.jpeg\",\"contentUrl\":\"https:\\\/\\\/classcpr.com\\\/wp-content\\\/uploads\\\/2025\\\/03\\\/Logo-WebSite.jpeg\",\"width\":500,\"height\":500,\"caption\":\"CLASS CPR\"},\"image\":{\"@id\":\"https:\\\/\\\/classcpr.com\\\/#\\\/schema\\\/logo\\\/image\\\/\"}}]}<\/script>\n<!-- \/ Yoast SEO plugin. -->","yoast_head_json":{"title":"Clases - CLASS CPR","robots":{"index":"index","follow":"follow","max-snippet":"max-snippet:-1","max-image-preview":"max-image-preview:large","max-video-preview":"max-video-preview:-1"},"canonical":"https:\/\/classcpr.com\/en\/citas\/","og_locale":"en_US","og_type":"article","og_title":"Clases - CLASS CPR","og_description":"Clases de Certificaci\u00f3n AHA First Aid, CPR, AED Adult and Pediatric Heartsaver First Aid CPR AED capacita a personas con poco o nada de entrenamiento m\u00e9dico para que puedan dar RCP y primeros auxilios y puedan usar un desfibrilador externo autom\u00e1tico (DEA) de manera segura, oportuna y eficaz. AHA BLS Provider El curso BLS de [&hellip;]","og_url":"https:\/\/classcpr.com\/en\/citas\/","og_site_name":"CLASS CPR","article_modified_time":"2026-04-02T16:43:32+00:00","twitter_card":"summary_large_image","twitter_misc":{"Est. reading time":"2 minutes"},"schema":{"@context":"https:\/\/schema.org","@graph":[{"@type":"WebPage","@id":"https:\/\/classcpr.com\/citas\/","url":"https:\/\/classcpr.com\/citas\/","name":"Clases - CLASS CPR","isPartOf":{"@id":"https:\/\/classcpr.com\/#website"},"datePublished":"2025-02-18T23:08:06+00:00","dateModified":"2026-04-02T16:43:32+00:00","breadcrumb":{"@id":"https:\/\/classcpr.com\/citas\/#breadcrumb"},"inLanguage":"en-US","potentialAction":[{"@type":"ReadAction","target":["https:\/\/classcpr.com\/citas\/"]}]},{"@type":"BreadcrumbList","@id":"https:\/\/classcpr.com\/citas\/#breadcrumb","itemListElement":[{"@type":"ListItem","position":1,"name":"Portada","item":"https:\/\/classcpr.com\/"},{"@type":"ListItem","position":2,"name":"Clases"}]},{"@type":"WebSite","@id":"https:\/\/classcpr.com\/#website","url":"https:\/\/classcpr.com\/","name":"CLASS CPR","description":"","publisher":{"@id":"https:\/\/classcpr.com\/#organization"},"potentialAction":[{"@type":"SearchAction","target":{"@type":"EntryPoint","urlTemplate":"https:\/\/classcpr.com\/?s={search_term_string}"},"query-input":{"@type":"PropertyValueSpecification","valueRequired":true,"valueName":"search_term_string"}}],"inLanguage":"en-US"},{"@type":"Organization","@id":"https:\/\/classcpr.com\/#organization","name":"CLASS CPR","url":"https:\/\/classcpr.com\/","logo":{"@type":"ImageObject","inLanguage":"en-US","@id":"https:\/\/classcpr.com\/#\/schema\/logo\/image\/","url":"https:\/\/classcpr.com\/wp-content\/uploads\/2025\/03\/Logo-WebSite.jpeg","contentUrl":"https:\/\/classcpr.com\/wp-content\/uploads\/2025\/03\/Logo-WebSite.jpeg","width":500,"height":500,"caption":"CLASS CPR"},"image":{"@id":"https:\/\/classcpr.com\/#\/schema\/logo\/image\/"}}]}},"_links":{"self":[{"href":"https:\/\/classcpr.com\/en\/wp-json\/wp\/v2\/pages\/1025","targetHints":{"allow":["GET"]}}],"collection":[{"href":"https:\/\/classcpr.com\/en\/wp-json\/wp\/v2\/pages"}],"about":[{"href":"https:\/\/classcpr.com\/en\/wp-json\/wp\/v2\/types\/page"}],"author":[{"embeddable":true,"href":"https:\/\/classcpr.com\/en\/wp-json\/wp\/v2\/users\/1"}],"replies":[{"embeddable":true,"href":"https:\/\/classcpr.com\/en\/wp-json\/wp\/v2\/comments?post=1025"}],"version-history":[{"count":7,"href":"https:\/\/classcpr.com\/en\/wp-json\/wp\/v2\/pages\/1025\/revisions"}],"predecessor-version":[{"id":1771,"href":"https:\/\/classcpr.com\/en\/wp-json\/wp\/v2\/pages\/1025\/revisions\/1771"}],"wp:attachment":[{"href":"https:\/\/classcpr.com\/en\/wp-json\/wp\/v2\/media?parent=1025"}],"curies":[{"name":"wp","href":"https:\/\/api.w.org\/{rel}","templated":true}]}}