{"id":859,"date":"2025-02-11T23:32:53","date_gmt":"2025-02-12T04:32:53","guid":{"rendered":"https:\/\/classcpr.com\/?page_id=859"},"modified":"2025-02-11T23:32:53","modified_gmt":"2025-02-12T04:32:53","slug":"politica-de-cookies","status":"publish","type":"page","link":"https:\/\/classcpr.com\/en\/politica-de-cookies\/","title":{"rendered":"Cookies Policy"},"content":{"rendered":"<p>Las pol\u00edticas de cookies de Lifesaving Skills Training Services LLC. de servicios de CPR (reanimaci\u00f3n cardiopulmonar), BLS (soporte vital b\u00e1sico) y AED (desfibrilador externo autom\u00e1tico) deber\u00edan cubrir varios aspectos clave para garantizar la transparencia y el cumplimiento de la normativa de privacidad y protecci\u00f3n de datos.<\/p>\n\n\n\n<p>Cookies Policy<\/p>\n\n\n\n<ol class=\"wp-block-list\">\n<li>Introducci\u00f3n<br>Esta Pol\u00edtica de Cookies explica c\u00f3mo Lifesaving Skills Training Services LLC. utiliza cookies y tecnolog\u00edas similares para reconocerlo cuando visita nuestro sitio web lifesavingskillstraining.com. Explica qu\u00e9 son estas tecnolog\u00edas y por qu\u00e9 las usamos, as\u00ed como sus derechos para controlar nuestro uso de ellas.<\/li>\n\n\n\n<li>\u00bfQu\u00e9 son las cookies?<br>Las cookies son peque\u00f1os archivos de datos que se colocan en su computadora o dispositivo m\u00f3vil cuando visita un sitio web. Las cookies son ampliamente utilizadas por los propietarios de sitios web para que sus sitios web funcionen o funcionen de manera m\u00e1s eficiente, as\u00ed como para proporcionar informaci\u00f3n de informes.<\/li>\n\n\n\n<li>Tipos de cookies que utilizamos<br>Utilizamos cookies propias y de terceros por varias razones. Algunas cookies son necesarias por razones t\u00e9cnicas para que nuestros sitios web funcionen, y nos referimos a ellas como cookies \u00abesenciales\u00bb o \u00abestrictamente necesarias\u00bb. Otras cookies tambi\u00e9n nos permiten rastrear y orientar los intereses de nuestros usuarios para mejorar la experiencia en nuestro sitio web. Los terceros sirven cookies a trav\u00e9s de nuestros sitios web con fines de publicidad, an\u00e1lisis y otros. Esto se describe con m\u00e1s detalle a continuaci\u00f3n.<\/li>\n<\/ol>\n\n\n\n<p>3.1 Cookies estrictamente necesarias<br>Estas cookies son esenciales para brindarle los servicios disponibles a trav\u00e9s de nuestro sitio web y para usar algunas de sus funciones, como el acceso a \u00e1reas seguras.<\/p>\n\n\n\n<p>3.2 Cookies de rendimiento y funcionalidad<br>Estas cookies se utilizan para mejorar el rendimiento y la funcionalidad de nuestro sitio web, pero no son esenciales para su uso. Sin embargo, sin estas cookies, ciertas funcionalidades pueden no estar disponibles.<\/p>\n\n\n\n<p>3.3 Cookies de an\u00e1lisis y personalizaci\u00f3n<br>Estas cookies recopilan informaci\u00f3n que se utiliza de forma agregada para ayudarnos a comprender c\u00f3mo se utilizan nuestros sitios web o cu\u00e1n efectivas son nuestras campa\u00f1as de marketing, o para ayudarnos a personalizar nuestros sitios web para usted.<\/p>\n\n\n\n<p>3.4 Cookies de publicidad<br>Estas cookies se utilizan para hacer que los mensajes publicitarios sean m\u00e1s relevantes para usted. Realizan funciones como evitar que el mismo anuncio vuelva a aparecer continuamente, asegurando que los anuncios se muestren correctamente para los anunciantes, y en algunos casos, seleccionando anuncios que son basados en sus intereses.<\/p>\n\n\n\n<ol start=\"4\" class=\"wp-block-list\">\n<li>Cookies de terceros<br>Adem\u00e1s de nuestras propias cookies, tambi\u00e9n podemos utilizar varias cookies de terceros para informar estad\u00edsticas de uso del sitio web y entregar anuncios en y a trav\u00e9s del sitio web.<\/li>\n\n\n\n<li>\u00bfC\u00f3mo puede controlar las cookies?<br>Tiene el derecho de decidir si acepta o rechaza las cookies. Puede ejercer sus preferencias de cookies al hacer clic en los enlaces de exclusi\u00f3n correspondiente que se proporcionan a continuaci\u00f3n:<\/li>\n<\/ol>\n\n\n\n<p>5.1 Herramientas del navegador<br>Puede configurar o modificar los controles de su navegador web para aceptar o rechazar cookies. Si elige rechazar cookies, a\u00fan puede usar nuestro sitio web, aunque su acceso a algunas funciones y \u00e1reas de nuestro sitio web puede estar restringido. Los medios por los cuales puede rechazar cookies a trav\u00e9s de los controles de su navegador web var\u00edan de un navegador a otro, por lo que debe visitar el men\u00fa de ayuda de su navegador para obtener m\u00e1s informaci\u00f3n.<\/p>\n\n\n\n<p>5.2 Cookies de publicidad dirigida<br>Puede optar por no recibir publicidad basada en intereses a trav\u00e9s de los servidores de anuncios de la Network Advertising Initiative\u2019s (NAI) y la Digital Advertising Alliance\u2019s (DAA). Para obtener m\u00e1s informaci\u00f3n, visite las p\u00e1ginas de exclusi\u00f3n de NAI y DAA.<\/p>\n\n\n\n<ol start=\"6\" class=\"wp-block-list\">\n<li>Actualizaciones a esta Pol\u00edtica de Cookies<br>Podemos actualizar esta Pol\u00edtica de Cookies de vez en cuando para reflejar, por ejemplo, cambios en las cookies que utilizamos o por otras razones operativas, legales o reglamentarias. Por lo tanto, vuelva a visitar esta Pol\u00edtica de Cookies regularmente para estar informado sobre nuestro uso de cookies y tecnolog\u00edas relacionadas.<\/li>\n\n\n\n<li>M\u00e1s informaci\u00f3n<br>Si tiene alguna pregunta sobre nuestro uso de cookies u otras tecnolog\u00edas, env\u00edenos un correo electr\u00f3nico a certifications@classcpr.com<\/li>\n<\/ol>","protected":false},"excerpt":{"rendered":"<p>Las pol\u00edticas de cookies de Lifesaving Skills Training Services LLC. de servicios de CPR (reanimaci\u00f3n cardiopulmonar), BLS (soporte vital b\u00e1sico) y AED (desfibrilador externo autom\u00e1tico) deber\u00edan cubrir varios aspectos clave para garantizar la transparencia y el cumplimiento de la normativa de privacidad y protecci\u00f3n de datos. Pol\u00edtica de Cookies 3.1 Cookies estrictamente necesariasEstas cookies son [&hellip;]<\/p>\n","protected":false},"author":1,"featured_media":0,"parent":0,"menu_order":0,"comment_status":"closed","ping_status":"closed","template":"","meta":{"footnotes":""},"class_list":["post-859","page","type-page","status-publish","hentry"],"blocksy_meta":[],"yoast_head":"<!-- This site is optimized with the Yoast SEO plugin v27.3 - https:\/\/yoast.com\/product\/yoast-seo-wordpress\/ -->\n<title>Pol\u00edtica de Cookies - CLASS CPR<\/title>\n<meta name=\"robots\" content=\"index, follow, max-snippet:-1, max-image-preview:large, max-video-preview:-1\" \/>\n<link rel=\"canonical\" href=\"https:\/\/classcpr.com\/en\/politica-de-cookies\/\" \/>\n<meta property=\"og:locale\" content=\"en_US\" \/>\n<meta property=\"og:type\" content=\"article\" \/>\n<meta property=\"og:title\" content=\"Pol\u00edtica de Cookies - CLASS CPR\" \/>\n<meta property=\"og:description\" content=\"Las pol\u00edticas de cookies de Lifesaving Skills Training Services LLC. de servicios de CPR (reanimaci\u00f3n cardiopulmonar), BLS (soporte vital b\u00e1sico) y AED (desfibrilador externo autom\u00e1tico) deber\u00edan cubrir varios aspectos clave para garantizar la transparencia y el cumplimiento de la normativa de privacidad y protecci\u00f3n de datos. Pol\u00edtica de Cookies 3.1 Cookies estrictamente necesariasEstas cookies son [&hellip;]\" \/>\n<meta property=\"og:url\" content=\"https:\/\/classcpr.com\/en\/politica-de-cookies\/\" \/>\n<meta property=\"og:site_name\" content=\"CLASS CPR\" \/>\n<meta name=\"twitter:card\" content=\"summary_large_image\" \/>\n<meta name=\"twitter:label1\" content=\"Est. reading time\" \/>\n\t<meta name=\"twitter:data1\" content=\"4 minutes\" \/>\n<script type=\"application\/ld+json\" class=\"yoast-schema-graph\">{\"@context\":\"https:\\\/\\\/schema.org\",\"@graph\":[{\"@type\":\"WebPage\",\"@id\":\"https:\\\/\\\/classcpr.com\\\/politica-de-cookies\\\/\",\"url\":\"https:\\\/\\\/classcpr.com\\\/politica-de-cookies\\\/\",\"name\":\"Pol\u00edtica de Cookies - CLASS CPR\",\"isPartOf\":{\"@id\":\"https:\\\/\\\/classcpr.com\\\/#website\"},\"datePublished\":\"2025-02-12T04:32:53+00:00\",\"breadcrumb\":{\"@id\":\"https:\\\/\\\/classcpr.com\\\/politica-de-cookies\\\/#breadcrumb\"},\"inLanguage\":\"en-US\",\"potentialAction\":[{\"@type\":\"ReadAction\",\"target\":[\"https:\\\/\\\/classcpr.com\\\/politica-de-cookies\\\/\"]}]},{\"@type\":\"BreadcrumbList\",\"@id\":\"https:\\\/\\\/classcpr.com\\\/politica-de-cookies\\\/#breadcrumb\",\"itemListElement\":[{\"@type\":\"ListItem\",\"position\":1,\"name\":\"Portada\",\"item\":\"https:\\\/\\\/classcpr.com\\\/\"},{\"@type\":\"ListItem\",\"position\":2,\"name\":\"Pol\u00edtica de Cookies\"}]},{\"@type\":\"WebSite\",\"@id\":\"https:\\\/\\\/classcpr.com\\\/#website\",\"url\":\"https:\\\/\\\/classcpr.com\\\/\",\"name\":\"CLASS CPR\",\"description\":\"\",\"publisher\":{\"@id\":\"https:\\\/\\\/classcpr.com\\\/#organization\"},\"potentialAction\":[{\"@type\":\"SearchAction\",\"target\":{\"@type\":\"EntryPoint\",\"urlTemplate\":\"https:\\\/\\\/classcpr.com\\\/?s={search_term_string}\"},\"query-input\":{\"@type\":\"PropertyValueSpecification\",\"valueRequired\":true,\"valueName\":\"search_term_string\"}}],\"inLanguage\":\"en-US\"},{\"@type\":\"Organization\",\"@id\":\"https:\\\/\\\/classcpr.com\\\/#organization\",\"name\":\"CLASS CPR\",\"url\":\"https:\\\/\\\/classcpr.com\\\/\",\"logo\":{\"@type\":\"ImageObject\",\"inLanguage\":\"en-US\",\"@id\":\"https:\\\/\\\/classcpr.com\\\/#\\\/schema\\\/logo\\\/image\\\/\",\"url\":\"https:\\\/\\\/classcpr.com\\\/wp-content\\\/uploads\\\/2025\\\/03\\\/Logo-WebSite.jpeg\",\"contentUrl\":\"https:\\\/\\\/classcpr.com\\\/wp-content\\\/uploads\\\/2025\\\/03\\\/Logo-WebSite.jpeg\",\"width\":500,\"height\":500,\"caption\":\"CLASS CPR\"},\"image\":{\"@id\":\"https:\\\/\\\/classcpr.com\\\/#\\\/schema\\\/logo\\\/image\\\/\"}}]}<\/script>\n<!-- \/ Yoast SEO plugin. -->","yoast_head_json":{"title":"Pol\u00edtica de Cookies - CLASS CPR","robots":{"index":"index","follow":"follow","max-snippet":"max-snippet:-1","max-image-preview":"max-image-preview:large","max-video-preview":"max-video-preview:-1"},"canonical":"https:\/\/classcpr.com\/en\/politica-de-cookies\/","og_locale":"en_US","og_type":"article","og_title":"Pol\u00edtica de Cookies - CLASS CPR","og_description":"Las pol\u00edticas de cookies de Lifesaving Skills Training Services LLC. de servicios de CPR (reanimaci\u00f3n cardiopulmonar), BLS (soporte vital b\u00e1sico) y AED (desfibrilador externo autom\u00e1tico) deber\u00edan cubrir varios aspectos clave para garantizar la transparencia y el cumplimiento de la normativa de privacidad y protecci\u00f3n de datos. Pol\u00edtica de Cookies 3.1 Cookies estrictamente necesariasEstas cookies son [&hellip;]","og_url":"https:\/\/classcpr.com\/en\/politica-de-cookies\/","og_site_name":"CLASS CPR","twitter_card":"summary_large_image","twitter_misc":{"Est. reading time":"4 minutes"},"schema":{"@context":"https:\/\/schema.org","@graph":[{"@type":"WebPage","@id":"https:\/\/classcpr.com\/politica-de-cookies\/","url":"https:\/\/classcpr.com\/politica-de-cookies\/","name":"Pol\u00edtica de Cookies - CLASS CPR","isPartOf":{"@id":"https:\/\/classcpr.com\/#website"},"datePublished":"2025-02-12T04:32:53+00:00","breadcrumb":{"@id":"https:\/\/classcpr.com\/politica-de-cookies\/#breadcrumb"},"inLanguage":"en-US","potentialAction":[{"@type":"ReadAction","target":["https:\/\/classcpr.com\/politica-de-cookies\/"]}]},{"@type":"BreadcrumbList","@id":"https:\/\/classcpr.com\/politica-de-cookies\/#breadcrumb","itemListElement":[{"@type":"ListItem","position":1,"name":"Portada","item":"https:\/\/classcpr.com\/"},{"@type":"ListItem","position":2,"name":"Pol\u00edtica de Cookies"}]},{"@type":"WebSite","@id":"https:\/\/classcpr.com\/#website","url":"https:\/\/classcpr.com\/","name":"CLASS CPR","description":"","publisher":{"@id":"https:\/\/classcpr.com\/#organization"},"potentialAction":[{"@type":"SearchAction","target":{"@type":"EntryPoint","urlTemplate":"https:\/\/classcpr.com\/?s={search_term_string}"},"query-input":{"@type":"PropertyValueSpecification","valueRequired":true,"valueName":"search_term_string"}}],"inLanguage":"en-US"},{"@type":"Organization","@id":"https:\/\/classcpr.com\/#organization","name":"CLASS CPR","url":"https:\/\/classcpr.com\/","logo":{"@type":"ImageObject","inLanguage":"en-US","@id":"https:\/\/classcpr.com\/#\/schema\/logo\/image\/","url":"https:\/\/classcpr.com\/wp-content\/uploads\/2025\/03\/Logo-WebSite.jpeg","contentUrl":"https:\/\/classcpr.com\/wp-content\/uploads\/2025\/03\/Logo-WebSite.jpeg","width":500,"height":500,"caption":"CLASS CPR"},"image":{"@id":"https:\/\/classcpr.com\/#\/schema\/logo\/image\/"}}]}},"_links":{"self":[{"href":"https:\/\/classcpr.com\/en\/wp-json\/wp\/v2\/pages\/859","targetHints":{"allow":["GET"]}}],"collection":[{"href":"https:\/\/classcpr.com\/en\/wp-json\/wp\/v2\/pages"}],"about":[{"href":"https:\/\/classcpr.com\/en\/wp-json\/wp\/v2\/types\/page"}],"author":[{"embeddable":true,"href":"https:\/\/classcpr.com\/en\/wp-json\/wp\/v2\/users\/1"}],"replies":[{"embeddable":true,"href":"https:\/\/classcpr.com\/en\/wp-json\/wp\/v2\/comments?post=859"}],"version-history":[{"count":1,"href":"https:\/\/classcpr.com\/en\/wp-json\/wp\/v2\/pages\/859\/revisions"}],"predecessor-version":[{"id":860,"href":"https:\/\/classcpr.com\/en\/wp-json\/wp\/v2\/pages\/859\/revisions\/860"}],"wp:attachment":[{"href":"https:\/\/classcpr.com\/en\/wp-json\/wp\/v2\/media?parent=859"}],"curies":[{"name":"wp","href":"https:\/\/api.w.org\/{rel}","templated":true}]}}