{"id":861,"date":"2025-02-11T23:35:22","date_gmt":"2025-02-12T04:35:22","guid":{"rendered":"https:\/\/classcpr.com\/?page_id=861"},"modified":"2025-02-20T18:13:28","modified_gmt":"2025-02-20T23:13:28","slug":"aviso-legal","status":"publish","type":"page","link":"https:\/\/classcpr.com\/en\/aviso-legal\/","title":{"rendered":"Legal Notice"},"content":{"rendered":"<p>Legal Notice<\/p>\n\n\n\n<ol class=\"wp-block-list\">\n<li>Identificaci\u00f3n del Responsable<br>En cumplimiento con lo dispuesto por la normativa vigente en materia de servicios de la sociedad de la informaci\u00f3n y de comercio electr\u00f3nico, se informa que el titular del sitio web https:\/\/www.classcpr.com es:<\/li>\n<\/ol>\n\n\n\n<p>Nombre de la Empresa: Lifesaving Skills Training Services LLC.<br>Domicilio Social: 200 Washington Street Peekskill NY 10566.<br>Correo Electr\u00f3nico: certifications@classcpr.com<br>Phone: 914-506-7636<\/p>\n\n\n\n<ol start=\"2\" class=\"wp-block-list\">\n<li>Uso del Sitio Web<br>El acceso y\/o uso de este sitio web atribuye la condici\u00f3n de usuario, que acepta, desde dicho acceso y\/o uso, los t\u00e9rminos de uso aqu\u00ed reflejados. Si el usuario no estuviera de acuerdo con los mismos, deber\u00e1 abstenerse de utilizar este portal.<\/li>\n\n\n\n<li>Propiedad Intelectual e Industrial<br>Los contenidos de este sitio web, incluyendo, entre otros, im\u00e1genes, logotipos, gr\u00e1ficos, animaciones, textos o aplicaciones inform\u00e1ticas, cualquiera que sea su formato, lenguaje de programaci\u00f3n y forma de representaci\u00f3n, as\u00ed como el nombre de dominio www.classcpr.com, son propiedad del Titular, o bien ha adquirido los correspondientes derechos de sus propietarios, y est\u00e1n protegidos por las leyes y tratados internacionales en materia de propiedad intelectual e industrial. Quedan reservados todos los derechos de explotaci\u00f3n.<\/li>\n\n\n\n<li>Responsabilidad de los Contenidos<br>Lifesaving Skills Training Services LLC. se reserva el derecho de realizar cambios en el sitio web sin previo aviso, con el objeto de actualizar, corregir, modificar, a\u00f1adir o eliminar los contenidos del sitio web o su dise\u00f1o. Los contenidos y servicios del sitio web se actualizan peri\u00f3dicamente. Debido a que la actualizaci\u00f3n de la informaci\u00f3n no es inmediata, sugerimos al usuario comprobar siempre la vigencia y exactitud de la informaci\u00f3n, servicios y contenidos recogidos en el sitio web.<\/li>\n\n\n\n<li>Enlaces<br>En el caso de que en www.lifesavingskillstraining.com se dispusiesen enlaces o hiperv\u00ednculos hac\u00eda otros sitios de Internet, Lifesaving Skills Training Services LLC. no ejercer\u00e1 ning\u00fan tipo de control sobre dichos sitios y contenidos. En ning\u00fan caso Lifesaving Skills Training Services LLC. asumir\u00e1 responsabilidad alguna por los contenidos de alg\u00fan enlace perteneciente a un sitio web ajeno, ni garantizar\u00e1 la disponibilidad t\u00e9cnica, calidad, fiabilidad, exactitud, amplitud, veracidad, validez y constitucionalidad de cualquier material o informaci\u00f3n contenida en ninguno de dichos hiperv\u00ednculos u otros sitios de Internet.<\/li>\n\n\n\n<li>Limitaci\u00f3n de Responsabilidad<br>Lifesaving Skills Training Services LLC. no garantiza la inexistencia de errores en el acceso al sitio web, en su contenido, ni que \u00e9ste se encuentre actualizado, aunque Lifesaving Skills Training Services LLC. desarrollar\u00e1 sus mejores esfuerzos para, en su caso, evitarlos, subsanarlos o actualizarlos. Tanto el acceso al sitio web como el uso no consentido que pueda efectuarse de la informaci\u00f3n contenida en el mismo es de la exclusiva responsabilidad de quien lo realiza. Lifesaving Skills Training Services LLC. no responder\u00e1 de ninguna consecuencia, da\u00f1o o perjuicio que pudieran derivarse de dicho acceso o uso.<\/li>\n\n\n\n<li>CONTACT US<br>Para cualquier cuesti\u00f3n, consulta o sugerencia, puede ponerse en contacto con nosotros a trav\u00e9s de los siguientes medios:<\/li>\n<\/ol>\n\n\n\n<p>Correo Electr\u00f3nico: certifications@classcpr.com <br>Phone: 914-506-7636<br>Direcci\u00f3n Postal: 200 Washington Street Peekskill NY 10566.<\/p>","protected":false},"excerpt":{"rendered":"<p>Aviso Legal Nombre de la Empresa: Lifesaving Skills Training Services LLC.Domicilio Social: 200 Washington Street Peekskill NY 10566.Correo Electr\u00f3nico: certifications@classcpr.comTel\u00e9fono: 914-506-7636 Correo Electr\u00f3nico: certifications@classcpr.com Tel\u00e9fono: 914-506-7636Direcci\u00f3n Postal: 200 Washington Street Peekskill NY 10566.<\/p>","protected":false},"author":1,"featured_media":0,"parent":0,"menu_order":0,"comment_status":"closed","ping_status":"closed","template":"","meta":{"footnotes":""},"class_list":["post-861","page","type-page","status-publish","hentry"],"blocksy_meta":[],"yoast_head":"<!-- This site is optimized with the Yoast SEO plugin v27.3 - https:\/\/yoast.com\/product\/yoast-seo-wordpress\/ -->\n<title>Aviso Legal - CLASS CPR<\/title>\n<meta name=\"robots\" content=\"index, follow, max-snippet:-1, max-image-preview:large, max-video-preview:-1\" \/>\n<link rel=\"canonical\" href=\"https:\/\/classcpr.com\/en\/aviso-legal\/\" \/>\n<meta property=\"og:locale\" content=\"en_US\" \/>\n<meta property=\"og:type\" content=\"article\" \/>\n<meta property=\"og:title\" content=\"Aviso Legal - CLASS CPR\" \/>\n<meta property=\"og:description\" content=\"Aviso Legal Nombre de la Empresa: Lifesaving Skills Training Services LLC.Domicilio Social: 200 Washington Street Peekskill NY 10566.Correo Electr\u00f3nico: certifications@classcpr.comTel\u00e9fono: 914-506-7636 Correo Electr\u00f3nico: certifications@classcpr.com Tel\u00e9fono: 914-506-7636Direcci\u00f3n Postal: 200 Washington Street Peekskill NY 10566.\" \/>\n<meta property=\"og:url\" content=\"https:\/\/classcpr.com\/en\/aviso-legal\/\" \/>\n<meta property=\"og:site_name\" content=\"CLASS CPR\" \/>\n<meta property=\"article:modified_time\" content=\"2025-02-20T23:13:28+00:00\" \/>\n<meta name=\"twitter:card\" content=\"summary_large_image\" \/>\n<meta name=\"twitter:label1\" content=\"Est. reading time\" \/>\n\t<meta name=\"twitter:data1\" content=\"3 minutes\" \/>\n<script type=\"application\/ld+json\" class=\"yoast-schema-graph\">{\"@context\":\"https:\\\/\\\/schema.org\",\"@graph\":[{\"@type\":\"WebPage\",\"@id\":\"https:\\\/\\\/classcpr.com\\\/aviso-legal\\\/\",\"url\":\"https:\\\/\\\/classcpr.com\\\/aviso-legal\\\/\",\"name\":\"Aviso Legal - CLASS CPR\",\"isPartOf\":{\"@id\":\"https:\\\/\\\/classcpr.com\\\/#website\"},\"datePublished\":\"2025-02-12T04:35:22+00:00\",\"dateModified\":\"2025-02-20T23:13:28+00:00\",\"breadcrumb\":{\"@id\":\"https:\\\/\\\/classcpr.com\\\/aviso-legal\\\/#breadcrumb\"},\"inLanguage\":\"en-US\",\"potentialAction\":[{\"@type\":\"ReadAction\",\"target\":[\"https:\\\/\\\/classcpr.com\\\/aviso-legal\\\/\"]}]},{\"@type\":\"BreadcrumbList\",\"@id\":\"https:\\\/\\\/classcpr.com\\\/aviso-legal\\\/#breadcrumb\",\"itemListElement\":[{\"@type\":\"ListItem\",\"position\":1,\"name\":\"Portada\",\"item\":\"https:\\\/\\\/classcpr.com\\\/\"},{\"@type\":\"ListItem\",\"position\":2,\"name\":\"Aviso Legal\"}]},{\"@type\":\"WebSite\",\"@id\":\"https:\\\/\\\/classcpr.com\\\/#website\",\"url\":\"https:\\\/\\\/classcpr.com\\\/\",\"name\":\"CLASS CPR\",\"description\":\"\",\"publisher\":{\"@id\":\"https:\\\/\\\/classcpr.com\\\/#organization\"},\"potentialAction\":[{\"@type\":\"SearchAction\",\"target\":{\"@type\":\"EntryPoint\",\"urlTemplate\":\"https:\\\/\\\/classcpr.com\\\/?s={search_term_string}\"},\"query-input\":{\"@type\":\"PropertyValueSpecification\",\"valueRequired\":true,\"valueName\":\"search_term_string\"}}],\"inLanguage\":\"en-US\"},{\"@type\":\"Organization\",\"@id\":\"https:\\\/\\\/classcpr.com\\\/#organization\",\"name\":\"CLASS CPR\",\"url\":\"https:\\\/\\\/classcpr.com\\\/\",\"logo\":{\"@type\":\"ImageObject\",\"inLanguage\":\"en-US\",\"@id\":\"https:\\\/\\\/classcpr.com\\\/#\\\/schema\\\/logo\\\/image\\\/\",\"url\":\"https:\\\/\\\/classcpr.com\\\/wp-content\\\/uploads\\\/2025\\\/03\\\/Logo-WebSite.jpeg\",\"contentUrl\":\"https:\\\/\\\/classcpr.com\\\/wp-content\\\/uploads\\\/2025\\\/03\\\/Logo-WebSite.jpeg\",\"width\":500,\"height\":500,\"caption\":\"CLASS CPR\"},\"image\":{\"@id\":\"https:\\\/\\\/classcpr.com\\\/#\\\/schema\\\/logo\\\/image\\\/\"}}]}<\/script>\n<!-- \/ Yoast SEO plugin. -->","yoast_head_json":{"title":"Aviso Legal - CLASS CPR","robots":{"index":"index","follow":"follow","max-snippet":"max-snippet:-1","max-image-preview":"max-image-preview:large","max-video-preview":"max-video-preview:-1"},"canonical":"https:\/\/classcpr.com\/en\/aviso-legal\/","og_locale":"en_US","og_type":"article","og_title":"Aviso Legal - CLASS CPR","og_description":"Aviso Legal Nombre de la Empresa: Lifesaving Skills Training Services LLC.Domicilio Social: 200 Washington Street Peekskill NY 10566.Correo Electr\u00f3nico: certifications@classcpr.comTel\u00e9fono: 914-506-7636 Correo Electr\u00f3nico: certifications@classcpr.com Tel\u00e9fono: 914-506-7636Direcci\u00f3n Postal: 200 Washington Street Peekskill NY 10566.","og_url":"https:\/\/classcpr.com\/en\/aviso-legal\/","og_site_name":"CLASS CPR","article_modified_time":"2025-02-20T23:13:28+00:00","twitter_card":"summary_large_image","twitter_misc":{"Est. reading time":"3 minutes"},"schema":{"@context":"https:\/\/schema.org","@graph":[{"@type":"WebPage","@id":"https:\/\/classcpr.com\/aviso-legal\/","url":"https:\/\/classcpr.com\/aviso-legal\/","name":"Aviso Legal - CLASS CPR","isPartOf":{"@id":"https:\/\/classcpr.com\/#website"},"datePublished":"2025-02-12T04:35:22+00:00","dateModified":"2025-02-20T23:13:28+00:00","breadcrumb":{"@id":"https:\/\/classcpr.com\/aviso-legal\/#breadcrumb"},"inLanguage":"en-US","potentialAction":[{"@type":"ReadAction","target":["https:\/\/classcpr.com\/aviso-legal\/"]}]},{"@type":"BreadcrumbList","@id":"https:\/\/classcpr.com\/aviso-legal\/#breadcrumb","itemListElement":[{"@type":"ListItem","position":1,"name":"Portada","item":"https:\/\/classcpr.com\/"},{"@type":"ListItem","position":2,"name":"Aviso Legal"}]},{"@type":"WebSite","@id":"https:\/\/classcpr.com\/#website","url":"https:\/\/classcpr.com\/","name":"CLASS CPR","description":"","publisher":{"@id":"https:\/\/classcpr.com\/#organization"},"potentialAction":[{"@type":"SearchAction","target":{"@type":"EntryPoint","urlTemplate":"https:\/\/classcpr.com\/?s={search_term_string}"},"query-input":{"@type":"PropertyValueSpecification","valueRequired":true,"valueName":"search_term_string"}}],"inLanguage":"en-US"},{"@type":"Organization","@id":"https:\/\/classcpr.com\/#organization","name":"CLASS CPR","url":"https:\/\/classcpr.com\/","logo":{"@type":"ImageObject","inLanguage":"en-US","@id":"https:\/\/classcpr.com\/#\/schema\/logo\/image\/","url":"https:\/\/classcpr.com\/wp-content\/uploads\/2025\/03\/Logo-WebSite.jpeg","contentUrl":"https:\/\/classcpr.com\/wp-content\/uploads\/2025\/03\/Logo-WebSite.jpeg","width":500,"height":500,"caption":"CLASS CPR"},"image":{"@id":"https:\/\/classcpr.com\/#\/schema\/logo\/image\/"}}]}},"_links":{"self":[{"href":"https:\/\/classcpr.com\/en\/wp-json\/wp\/v2\/pages\/861","targetHints":{"allow":["GET"]}}],"collection":[{"href":"https:\/\/classcpr.com\/en\/wp-json\/wp\/v2\/pages"}],"about":[{"href":"https:\/\/classcpr.com\/en\/wp-json\/wp\/v2\/types\/page"}],"author":[{"embeddable":true,"href":"https:\/\/classcpr.com\/en\/wp-json\/wp\/v2\/users\/1"}],"replies":[{"embeddable":true,"href":"https:\/\/classcpr.com\/en\/wp-json\/wp\/v2\/comments?post=861"}],"version-history":[{"count":2,"href":"https:\/\/classcpr.com\/en\/wp-json\/wp\/v2\/pages\/861\/revisions"}],"predecessor-version":[{"id":1073,"href":"https:\/\/classcpr.com\/en\/wp-json\/wp\/v2\/pages\/861\/revisions\/1073"}],"wp:attachment":[{"href":"https:\/\/classcpr.com\/en\/wp-json\/wp\/v2\/media?parent=861"}],"curies":[{"name":"wp","href":"https:\/\/api.w.org\/{rel}","templated":true}]}}